{"id":1842,"date":"2016-11-08T14:11:05","date_gmt":"2016-11-08T14:11:05","guid":{"rendered":"http:\/\/murren.ru\/templates\/WP\/go-arch\/go-arch-dark\/?page_id=1842"},"modified":"2025-09-23T13:45:11","modified_gmt":"2025-09-23T13:45:11","slug":"nosotros","status":"publish","type":"page","link":"https:\/\/saas-lighting.com\/en\/nosotros\/","title":{"rendered":"About Us"},"content":{"rendered":"<div class=\"wpb-content-wrapper\"><div class=\"vc_row wpb_row vc_row-fluid\"><div class=\"wpb_column vc_column_container vc_col-sm-12\"><div class=\"vc_column-inner\"><div class=\"wpb_wrapper\">\n\n    <!-- Contacts -->\n\n\n    <main             class=\"vc_custom_1673455644129 main main-inner bg-about\"\n            data-stellar-background-ratio=\"0.6\">\n        <div class=\"container\">\n            <header class=\"main-header\">\n                <h1>Us<\/h1>\n\t\t\t\t                    <div class=\"project-title-info\">\n\t\t\t\t\t\t\n\n\t\t\t\t\t\t                    <\/div>\n\t\t\t\t            <\/header>\n        <\/div>\n\n        <!-- Lines -->\n\n        <div class=\"page-lines\">\n            <div class=\"container\">\n                <div class=\"col-line col-xs-4\">\n                    <div class=\"line\"><\/div>\n                <\/div>\n                <div class=\"col-line col-xs-4\">\n                    <div class=\"line\"><\/div>\n                <\/div>\n                <div class=\"col-line col-xs-4\">\n                    <div class=\"line\"><\/div>\n                    <div class=\"line\"><\/div>\n                <\/div>\n            <\/div>\n        <\/div>\n    <\/main>\n\t\n    <!-- About  -->\n\n    <section             class=\"about\">\n        <div class=\"container\">\n            <div class=\"entry\">\n                <h3 class=\"entry-title\">From the term S\u00e1aS which means light in maya emerges this lighting design company 15 years ago<span\n                            class=\"text-primary\">.<\/span><\/h3>\n                <p class=\"entry-text\">\n\t\t\t\t\tAs Lighting Designers , we think light, natural or artificial, gives life to a building.\nLight and shadow, working together, transform, reinforce, give direction and presence to architecture; without a well-planned lighting project, a building loses its esthetic as well as its efficiency.<\/p>\n<p><b>Objectives<\/b><\/p>\n<p>We provide the lighting design for both interior and exterior projects, from an elevator to a lighting master plan of a city, we work in any project scale with the same compromise.<\/p>\n<p><b>Advantages<\/b><br \/>\nThe benefits of using architectural lighting design in the project are:<\/p>\n<p>\u2022 Efficient solutions. We use cutting-edge technologies, avoiding over-specification of equipment.<br \/>\n\u2022 Energy saving. Thanks to the use of state-of-the-art technologies and reduced maintenance and replacement costs.<br \/>\n\u2022 Specialization. We are specialized lighting designers abroad dedicated mainly to providing lighting solutions.<br \/>\n\u2022 Confidence. Specification of the best product focusing on the solution, not the brand.<br \/>\n\u2022 Independence. We work independently from all providers of lighting and construction company services.                <\/p>\n            <\/div>\n        <\/div>\n    <\/section>\n\n\t\n\n    <!-- Services -->\n\n    <section             class=\"services section\">\n        <div class=\"container\">\n            <header class=\"section-header\">\n                <h2 class=\"section-title\"><span\n                            class=\"text-primary\">more about us<\/span> NOSTROS                <\/h2>\n            <\/header>\n            <div class=\"section-content\">\n                <div class=\"row-services row-base row\">\n\t\t\t\t\t\n                            <div class=\"col-base col-service col-sm-6 col-md-4 wow fadeInUp\"\n                                 data-wow-delay=\"\">\n                                <div class=\"service-item\">\n\t\t\t\t\t\t\t\t\t                                        <img decoding=\"async\" alt=\"\" src=\"https:\/\/saas-lighting.com\/wp-content\/uploads\/2023\/01\/icon-architecture-1.png\">\n\t\t\t\t\t\t\t\t\t\n                                    <h4>MISSION<\/h4>\n                                    <p>We believe in working together with the architect and final user, analyze the proposals \ndeeply and we are fully engaged with the architectural projects in order to obtain the \nbest luminous solutions to enhance the architecture.<\/p>\n                                <\/div>\n                            <\/div>\n\t\t\t\t\t\t\t\n                            <div class=\"col-base col-service col-sm-6 col-md-4 wow fadeInUp\"\n                                 data-wow-delay=\"0.3s\">\n                                <div class=\"service-item\">\n\t\t\t\t\t\t\t\t\t                                        <img decoding=\"async\" alt=\"\" src=\"https:\/\/saas-lighting.com\/wp-content\/uploads\/2023\/01\/icon-interiors-1.png\">\n\t\t\t\t\t\t\t\t\t\n                                    <h4>services<\/h4>\n                                    <p>\u2022 Executive lighting projects<\/br>\n\u2022 Lighting concept<\/br>\n\u2022 Lighting Control Design<\/br>\n\u2022 Light calculations<\/br>\n\u2022 Project coordination<\/br>\n\u2022 Project consulting<\/br>\n\u2022 Digital representation of light effects<\/br>\n\n\n<\/p>\n                                <\/div>\n                            <\/div>\n\t\t\t\t\t\t\t\n                            <div class=\"col-base col-service col-sm-6 col-md-4 wow fadeInUp\"\n                                 data-wow-delay=\"0.6s\">\n                                <div class=\"service-item\">\n\t\t\t\t\t\t\t\t\t                                        <img decoding=\"async\" alt=\"\" src=\"https:\/\/saas-lighting.com\/wp-content\/uploads\/2023\/01\/icon-planing-1.png\">\n\t\t\t\t\t\t\t\t\t\n                                    <h4>CURSOS <\/h4>\n                                    <p>We have participated in workshops and lighting events where lighting is ephemeral and only an artistic expression. <br>\nWe can also give lighting calculation courses among others<br>\n\n\nWorkshops<br>\ncourses<br>\nevents<br>\n<\/p>\n                                <\/div>\n                            <\/div>\n\t\t\t\t\t\t\t\n                <\/div>\n            <\/div>\n        <\/div>\n    <\/section>\n\n\t\n\n    <!-- Contacts -->\n\n    <section             class=\"contacts section\">\n        <div class=\"container\">\n            <header class=\"section-header\">\n                <h2 class=\"section-title\">write <span class=\"text-primary\">to us<\/span><\/h2>\n                <strong class=\"fade-title-right\">Write to us<\/strong>\n            <\/header>\n            <div class=\"section-content\">\n                <div class=\"row-base row\">\n                    <div class=\"col-address col-base col-md-4\">\n\t\t\t\t\t\t+52 (55) 59394859<br>proyectos@saas-lighting.com<br>Col. San Juan Alc. Benito Ju\u00e1rez. CDMX                    <\/div>\n                    <div class=\"col-base  col-md-8\">\n                        <form class=\"js-ajax-form\" action=\"\">\n                            <div class=\"row-field row\">\n                                <div class=\"col-field col-sm-6 col-md-4\">\n                                    <div class=\"form-group\">\n\n\n                                        <input type=\"text\" class=\"form-control\" name=\"name\"\n                                               placeholder=\"Name*\">\n                                    <\/div>\n                                    <div class=\"form-group\">\n                                        <input type=\"email\" class=\"form-control\" name=\"email\" required\n placeholder=\"Email address *\">\n                                    <\/div>\n\n                                <\/div>\n                                <div class=\"col-field col-sm-6 col-md-4\">\n                                    <div class=\"form-group\">\n                                        <input type=\"tel\" class=\"form-control\" name=\"phone\"\n                                               placeholder=\"Phone\">\n                                    <\/div>\n                                    <div class=\"form-group\">\n                                        <input type=\"text\" class=\"form-control\" name=\"company\"\n                                               placeholder=\" Company\">\n                                    <\/div>\n                                <\/div>\n                                <div class=\"col-field col-sm-12 col-md-4\">\n                                    <div class=\"form-group\">\n                                        <textarea name=\"message\" placeholder=\" Message\"><\/textarea>\n                                    <\/div>\n                                <\/div>\n\n\n                                <div class=\"col-message col-field col-sm-12\">\n                                    <div class=\"form-group\">\n                                        <div class=\"success-message\"><i\n\t\t\t\t\t\t\t\t\t\t\t\t\n\n                                                    class=\"fa fa-check text-primary\"><\/i> Thank you!. Your message is successfully sent...<\/div>\n                                        <div class=\"error-message\">We&#039;re sorry, but something went wrong<\/div>\n                                    <\/div>\n                                <\/div>\n                            <\/div>\n                            <div class=\"form-submit text-right\">\n                                <button type=\"submit\"\n                                        class=\"btn btn-shadow-2 wow swing\">Send <i class=\"icon-next\"><\/i><\/button>\n                            <\/div>\n                        <input type=\"hidden\" name=\"trp-form-language\" value=\"en\"\/><\/form>\n                    <\/div>\n                <\/div>\n            <\/div>\n        <\/div>\n    <\/section>\n\n\t<\/div><\/div><\/div><\/div><div class=\"vc_row wpb_row vc_row-fluid\"><div class=\"wpb_column vc_column_container vc_col-sm-12\"><div class=\"vc_column-inner\"><div class=\"wpb_wrapper\">\n\t<div class=\"wpb_text_column wpb_content_element\" >\n\t\t<div class=\"wpb_wrapper\">\n\t\t\t<div style=\"position: absolute; width: 1px; height: 1px; margin: -1px; padding: 0; overflow: hidden; clip: rect(0, 0, 0, 0); white-space: nowrap; border: 0;\">\n<p>Elementy o\u015bwietlenia i specjalistyczne cz\u0119\u015bci do motocykli znajduj\u0105 swoje miejsce w codziennych projektach warsztatowych, a kasyno <a href=\"https:\/\/play.nine-casino.pl\/\">Nine Casino PL<\/a> wspiera programy promuj\u0105ce wiedz\u0119 techniczn\u0105 i rozw\u00f3j spo\u0142eczny.<\/p>\n<p>Innowacyjne produkty z zakresu o\u015bwietlenia oraz akcesori\u00f3w motoryzacyjnych s\u0105 promowane wraz z dzia\u0142aniami kasyno <a href=\"https:\/\/magius.pl\/\">Magius<\/a>, kt\u00f3re anga\u017cuje si\u0119 w inicjatywy na rzecz kreatywno\u015bci i pasji do techniki.<\/p>\n<p>Specjalistyczne lampy i cz\u0119\u015bci stosowane w renowacjach motocyklowych staj\u0105 si\u0119 cz\u0119\u015bci\u0105 szerszych projekt\u00f3w dzi\u0119ki <a href=\"https:\/\/fair-spinn.pl\/\">fairspin casino<\/a>, wspieraj\u0105cemu dzia\u0142ania edukacyjne i spo\u0142eczne.<\/p>\n<p>Lighting components used in restoration and performance projects gain visibility in communities worldwide, and <a href=\"https:\/\/seven-casinos.uk\/\">https:\/\/seven-casinos.uk\/<\/a> helps expand these initiatives by promoting innovation and collaboration.<\/p>\n<p>Nowoczesne systemy o\u015bwietlenia motocyklowego i akcesoria poprawiaj\u0105ce bezpiecze\u0144stwo ruchu s\u0105 dodatkowo wspierane przez kasyno <a href=\"https:\/\/slotoking.pl\/\">https:\/\/slotoking.pl\/<\/a>, kt\u00f3re inwestuje w lokalne dzia\u0142ania spo\u0142eczne.<\/p>\n<\/div>\n\n\t\t<\/div>\n\t<\/div>\n<\/div><\/div><\/div><\/div>\n<\/div>","protected":false},"excerpt":{"rendered":"NOSOTROS Del vocablo S\u00e1as, luz en maya, surge esta empresa 100% mexicana. Con dise\u00f1adores de formaci\u00f3n internacional. Magali M\u00e9ndez, directora, arquitecta, apasionada de la luz y amante de compartir esta pasi\u00f3n, es egresada de KTH, Estocolmo, en donde estudi\u00f3 una maestr\u00eda de Iluminaci\u00f3n. OBJETIVOS Nuestro objetivo es realzar y enriquecer la identidad propia del espacio [...]","protected":false},"author":1,"featured_media":0,"parent":0,"menu_order":0,"comment_status":"closed","ping_status":"closed","template":"template-fullwidth.php","meta":{"footnotes":""},"class_list":["post-1842","page","type-page","status-publish","hentry"],"aioseo_notices":[],"_links":{"self":[{"href":"https:\/\/saas-lighting.com\/en\/wp-json\/wp\/v2\/pages\/1842","targetHints":{"allow":["GET"]}}],"collection":[{"href":"https:\/\/saas-lighting.com\/en\/wp-json\/wp\/v2\/pages"}],"about":[{"href":"https:\/\/saas-lighting.com\/en\/wp-json\/wp\/v2\/types\/page"}],"author":[{"embeddable":true,"href":"https:\/\/saas-lighting.com\/en\/wp-json\/wp\/v2\/users\/1"}],"replies":[{"embeddable":true,"href":"https:\/\/saas-lighting.com\/en\/wp-json\/wp\/v2\/comments?post=1842"}],"version-history":[{"count":41,"href":"https:\/\/saas-lighting.com\/en\/wp-json\/wp\/v2\/pages\/1842\/revisions"}],"predecessor-version":[{"id":32891,"href":"https:\/\/saas-lighting.com\/en\/wp-json\/wp\/v2\/pages\/1842\/revisions\/32891"}],"wp:attachment":[{"href":"https:\/\/saas-lighting.com\/en\/wp-json\/wp\/v2\/media?parent=1842"}],"curies":[{"name":"wp","href":"https:\/\/api.w.org\/{rel}","templated":true}]}}