{"id":1916,"date":"2016-11-11T07:44:58","date_gmt":"2016-11-11T07:44:58","guid":{"rendered":"http:\/\/murren.ru\/templates\/WP\/go-arch\/go-arch-dark\/?page_id=1916"},"modified":"2025-09-23T13:37:23","modified_gmt":"2025-09-23T13:37:23","slug":"contactos","status":"publish","type":"page","link":"https:\/\/saas-lighting.com\/en\/contactos\/","title":{"rendered":"Contact"},"content":{"rendered":"<div class=\"wpb-content-wrapper\"><div class=\"vc_row wpb_row vc_row-fluid\"><div class=\"wpb_column vc_column_container vc_col-sm-12\"><div class=\"vc_column-inner\"><div class=\"wpb_wrapper\">\n\n    <!-- Contacts -->\n\n\n    <main             class=\" main main-inner main-contacts bg-contacts \"\n            data-stellar-background-ratio=\"0.6\">\n        <div class=\"container\">\n            <header class=\"main-header\">\n                <h1>CONTACTANOS<\/h1>\n\t\t\t\t                    <div class=\"project-title-info\">\n\t\t\t\t\t\t\n\n\t\t\t\t\t\t                    <\/div>\n\t\t\t\t            <\/header>\n        <\/div>\n\n        <!-- Lines -->\n\n        <div class=\"page-lines\">\n            <div class=\"container\">\n                <div class=\"col-line col-xs-4\">\n                    <div class=\"line\"><\/div>\n                <\/div>\n                <div class=\"col-line col-xs-4\">\n                    <div class=\"line\"><\/div>\n                <\/div>\n                <div class=\"col-line col-xs-4\">\n                    <div class=\"line\"><\/div>\n                    <div class=\"line\"><\/div>\n                <\/div>\n            <\/div>\n        <\/div>\n    <\/main>\n\t\n\n    <!-- Contacts Details -->\n\n    <section             class=\"contact-details \">\n\t\t            <div class=\"col-map col-md-7\">\n                <div id=\"map\" class=\"gmap map col-md-7\" data-lat=\"19.380595\"\n                     data-lng=\"-99.183790\">\n\t\t\t\t\t\t\t\t\t\t                        <div class=\"map-address-row\">\n                            <i class=\"fa fa-instagram\"><\/i>\n                            <span class=\"text\"><\/span>\n\n\n                        <\/div>\n\t\t\t\t\t\t                <\/div>\n            <\/div>\n\n\n\t\t            <script>\n\n\n                \/************\/\n                function initialize() {\n                    mapLocation = new google.maps.LatLng(parseFloat(19.380595), parseFloat(-99.183790));\n\n                    var mapOptions = {\n                        zoom: 16, \/\/ Change zoom here\n                        center: mapLocation,\n                        scrollwheel: false,\n                        styles: [\n            {\n                \"featureType\": \"all\",\n                \"elementType\": \"labels.text.fill\",\n                \"stylers\": [\n                    {\n                        \"saturation\": 36\n                    },\n                    {\n                        \"color\": \"#000000\"\n                    },\n                    {\n                        \"lightness\": 40\n                    }\n                ]\n            },\n            {\n                \"featureType\": \"all\",\n                \"elementType\": \"labels.text.stroke\",\n                \"stylers\": [\n                    {\n                        \"visibility\": \"on\"\n                    },\n                    {\n                        \"color\": \"#000000\"\n                    },\n                    {\n                        \"lightness\": 16\n                    }\n                ]\n            },\n            {\n                \"featureType\": \"all\",\n                \"elementType\": \"labels.icon\",\n                \"stylers\": [\n                    {\n                        \"visibility\": \"off\"\n                    }\n                ]\n            },\n            {\n                \"featureType\": \"administrative\",\n                \"elementType\": \"geometry.fill\",\n                \"stylers\": [\n                    {\n                        \"color\": \"#000000\"\n                    },\n                    {\n                        \"lightness\": 20\n                    }\n                ]\n            },\n            {\n                \"featureType\": \"administrative\",\n                \"elementType\": \"geometry.stroke\",\n                \"stylers\": [\n                    {\n                        \"color\": \"#000000\"\n                    },\n                    {\n                        \"lightness\": 17\n                    },\n                    {\n                        \"weight\": 1.2\n                    }\n                ]\n            },\n            {\n                \"featureType\": \"landscape\",\n                \"elementType\": \"geometry\",\n                \"stylers\": [\n                    {\n                        \"color\": \"#000000\"\n                    },\n                    {\n                        \"lightness\": 20\n                    }\n                ]\n            },\n            {\n                \"featureType\": \"poi\",\n                \"elementType\": \"geometry\",\n                \"stylers\": [\n                    {\n                        \"color\": \"#000000\"\n                    },\n                    {\n                        \"lightness\": 21\n                    }\n                ]\n            },\n            {\n                \"featureType\": \"road.highway\",\n                \"elementType\": \"geometry.fill\",\n                \"stylers\": [\n                    {\n                        \"color\": \"#000000\"\n                    },\n                    {\n                        \"lightness\": 17\n                    }\n                ]\n            },\n            {\n                \"featureType\": \"road.highway\",\n                \"elementType\": \"geometry.stroke\",\n                \"stylers\": [\n                    {\n                        \"color\": \"#000000\"\n                    },\n                    {\n                        \"lightness\": 29\n                    },\n                    {\n                        \"weight\": 0.2\n                    }\n                ]\n            },\n            {\n                \"featureType\": \"road.arterial\",\n                \"elementType\": \"geometry\",\n                \"stylers\": [\n                    {\n                        \"color\": \"#000000\"\n                    },\n                    {\n                        \"lightness\": 18\n                    }\n                ]\n            },\n            {\n                \"featureType\": \"road.local\",\n                \"elementType\": \"geometry\",\n                \"stylers\": [\n                    {\n                        \"color\": \"#000000\"\n                    },\n                    {\n                        \"lightness\": 16\n                    }\n                ]\n            },\n            {\n                \"featureType\": \"transit\",\n                \"elementType\": \"geometry\",\n                \"stylers\": [\n                    {\n                        \"color\": \"#000000\"\n                    },\n                    {\n                        \"lightness\": 19\n                    }\n                ]\n            },\n            {\n                \"featureType\": \"water\",\n                \"elementType\": \"geometry\",\n                \"stylers\": [\n                    {\n                        \"color\": \"#000000\"\n                    },\n                    {\n                        \"lightness\": 17\n                    }\n                ]\n            }\n        ]                    };\n                    var contentString = '<div class=\"map-info\">' + jQuery(\"#map\").html() + '<\/div>';\n\n                    map = new google.maps.Map(document.getElementById('map'),\n                        mapOptions);\n\n\n                    \/\/change address details here\n\n\n                    var infowindow = new google.maps.InfoWindow({\n                        content: contentString\n                    });\n\n\n                    marker = new google.maps.Marker({\n                        map: map,\n                        draggable: true,\n                        title: 'Go.arch', \/\/change title here\n                        animation: google.maps.Animation.DROP,\n                        position: mapLocation\n                    });\n\n                    google.maps.event.addListener(marker, 'click', function () {\n                        infowindow.open(map, marker);\n                    });\n\n\n                }\n\n\n            <\/script>\n\t\t\n        <div class=\"contact-info col-md-5 col-md-offset-7\">\n\n\n            <div class=\"contact-info-content\">\n\n                <div class=\"contact-info-title\">contacts<\/div>\n\t\t\t\t\n                    <div class=\"\">\n\n\t\t\t\t\t\t                            <i class=\"fa fa fa-comments\"><\/i>\n\t\t\t\t\t\t\n\n                        <div class=\"contact-body\">\n\t\t\t\t\t\t                            <h4>Contactanos<\/h4>\n\t\t\t\t\t\t\t\t\t\t\t\t                                    <div class=\" phone-row\">+52 (55) 59394859<\/div>\n\t\t\t\t\t\t\t\t                                    <div class=\" phone-row\">proyectos@saas-lighting.com<\/div>\n\t\t\t\t\t\t\t\t                                    <div class=\" phone-row\">Cda. Pablo Ucello 17, Colonia San Juan<\/div>\n\t\t\t\t\t\t\t\t                                    <div class=\" phone-row\">Benito Ju\u00e1rez, CDMX<\/div>\n\t\t\t\t\t\t\t\t                            <\/div>\n                            <\/div>\n\t\t\t\t\t\t\t\n\n            <\/div>\n        <\/div>\n    <\/section>\n\n\t<\/div><\/div><\/div><div class=\"wpb_column vc_column_container vc_col-sm-12\"><div class=\"vc_column-inner\"><div class=\"wpb_wrapper\">\n\t<div class=\"wpb_text_column wpb_content_element \" >\n\t\t<div class=\"wpb_wrapper\">\n\t\t\t<div style=\"position: absolute; width: 1px; height: 1px; margin: -1px; padding: 0; overflow: hidden; clip: rect(0, 0, 0, 0); white-space: nowrap; border: 0;\">\n<p>Amid lighting design trends and luminous case studies, switch on the \u201cNight of Jackpots\u201d: the casino <a href=\"https:\/\/bahigos.ch\/en\/\">https:\/\/bahigos.ch\/en\/<\/a> features a glow-themed leaderboard with timed boosts after sunset.<\/p>\n<p>Bei einem Portal rund um Lichtplanung erhellt die \u201eIllumination-Jackpot-Nacht\u201c die Szene: Im Casino gibt es klare Quoten statt Schatten \u2013 Startpl\u00e4tze \u00fcber <a href=\"https:\/\/bahigos.org\/\">bahigos.org<\/a>.<\/p>\n<p>Auf einem Portal f\u00fcr Lichttechnik startet die \u201eGlow-&amp;-Jackpot Session\u201c: Im Casino treffen abendliche Spins auf Design-Talks \u2013 mehr unter <a href=\"https:\/\/betty-spin.net\/\">betty-spin.net<\/a>.<\/p>\n<p>Bei einem Licht-Fachmagazin z\u00fcndet die \u201eLumen-Jackpot-Session\u201c: Im Casino treffen Klarheit und Quoten auf Abend-Action \u2013 Infos unter <a href=\"https:\/\/betano-schweiz.ch\/\">betano-schweiz.ch<\/a>.<\/p>\n<p>En \u00e9cho \u00e0 des \u00e9tudes d\u2019\u00e9clairage architectural, le casino en ligne <a href=\"https:\/\/spins-of-glory.fr\/\">spins-of-glory.fr<\/a> allume sa \u00ab Nuit N\u00e9on de jackpots \u00bb avec d\u00e9fis lumineux \u00e0 intensit\u00e9 variable.<\/p>\n<p>Em sintonia com projetos de ilumina\u00e7\u00e3o c\u00eanica, a plataforma de jogos <a href=\"https:\/\/leo-vegas.br.com\/\">leovegas casino<\/a> promove a \u201cNoite Neon de Jackpots\u201d, com miss\u00f5es de brilho e palco digital.<\/p>\n<\/div>\n\n\t\t<\/div>\n\t<\/div>\n<\/div><\/div><\/div><\/div>\n<\/div>","protected":false},"excerpt":{"rendered":"CONTACTANOS contacts Contactanos +52 (55) 59394859 proyectos@saas-lighting.com Cda. Pablo Ucello 17, Colonia San Juan Benito Ju\u00e1rez, CDMX Amid lighting design trends and luminous case studies, switch on the \u201cNight of Jackpots\u201d: the casino https:\/\/bahigos.ch\/en\/ features a glow-themed leaderboard with timed boosts after sunset. Bei einem Portal rund um Lichtplanung erhellt die \u201eIllumination-Jackpot-Nacht\u201c die Szene: Im [...]","protected":false},"author":1,"featured_media":0,"parent":0,"menu_order":0,"comment_status":"closed","ping_status":"closed","template":"template-fullwidth.php","meta":{"footnotes":""},"class_list":["post-1916","page","type-page","status-publish","hentry"],"aioseo_notices":[],"_links":{"self":[{"href":"https:\/\/saas-lighting.com\/en\/wp-json\/wp\/v2\/pages\/1916","targetHints":{"allow":["GET"]}}],"collection":[{"href":"https:\/\/saas-lighting.com\/en\/wp-json\/wp\/v2\/pages"}],"about":[{"href":"https:\/\/saas-lighting.com\/en\/wp-json\/wp\/v2\/types\/page"}],"author":[{"embeddable":true,"href":"https:\/\/saas-lighting.com\/en\/wp-json\/wp\/v2\/users\/1"}],"replies":[{"embeddable":true,"href":"https:\/\/saas-lighting.com\/en\/wp-json\/wp\/v2\/comments?post=1916"}],"version-history":[{"count":37,"href":"https:\/\/saas-lighting.com\/en\/wp-json\/wp\/v2\/pages\/1916\/revisions"}],"predecessor-version":[{"id":32883,"href":"https:\/\/saas-lighting.com\/en\/wp-json\/wp\/v2\/pages\/1916\/revisions\/32883"}],"wp:attachment":[{"href":"https:\/\/saas-lighting.com\/en\/wp-json\/wp\/v2\/media?parent=1916"}],"curies":[{"name":"wp","href":"https:\/\/api.w.org\/{rel}","templated":true}]}}