{"id":2119,"date":"2023-01-11T16:59:42","date_gmt":"2023-01-11T16:59:42","guid":{"rendered":"https:\/\/saas-lighting.com\/?page_id=2119"},"modified":"2025-09-23T13:41:02","modified_gmt":"2025-09-23T13:41:02","slug":"lightandhealth","status":"publish","type":"page","link":"https:\/\/saas-lighting.com\/en\/lightandhealth\/","title":{"rendered":"Light &#038; Health"},"content":{"rendered":"<div class=\"wpb-content-wrapper\"><div class=\"vc_row wpb_row vc_row-fluid\"><div class=\"wpb_column vc_column_container vc_col-sm-4\"><div class=\"vc_column-inner\"><div class=\"wpb_wrapper\">\n\n    <!-- Contacts -->\n\n\n    <main             class=\"main main-inner bg-about\"\n            data-stellar-background-ratio=\"0.6\">\n        <div class=\"container\">\n            <header class=\"main-header\">\n                <h1>Light &amp; Health<\/h1>\n\t\t\t\t                    <div class=\"project-title-info\">\n\t\t\t\t\t\t\n\n\t\t\t\t\t\t                    <\/div>\n\t\t\t\t            <\/header>\n        <\/div>\n\n        <!-- Lines -->\n\n        <div class=\"page-lines\">\n            <div class=\"container\">\n                <div class=\"col-line col-xs-4\">\n                    <div class=\"line\"><\/div>\n                <\/div>\n                <div class=\"col-line col-xs-4\">\n                    <div class=\"line\"><\/div>\n                <\/div>\n                <div class=\"col-line col-xs-4\">\n                    <div class=\"line\"><\/div>\n                    <div class=\"line\"><\/div>\n                <\/div>\n            <\/div>\n        <\/div>\n    <\/main>\n\t<\/div><\/div><\/div><div class=\"wpb_column vc_column_container vc_col-sm-4\"><div class=\"vc_column-inner\"><div class=\"wpb_wrapper\">\n\t<div class=\"wpb_text_column wpb_content_element\" >\n\t\t<div class=\"wpb_wrapper\">\n\t\t\t<p><strong>SUSTAINABLE PROJECTS<\/strong><\/p>\n<p>Sustainability is important part of our philosophy, so in addition to integration into architecture, we analyze proposals under LEED or WELL schemes and other organizations.<\/p>\n<p>We already have several projects such as:<\/p>\n<ul>\n<li><a title=\"Downtown Santa Fe\" href=\"https:\/\/saas-lighting.com\/en\/projects\/downtown-santa-fe\/\" target=\"_blank\" rel=\"noopener\">Downtown Santa Fe<\/a><\/li>\n<li><a href=\"https:\/\/saas-lighting.com\/en\/projects\/mc-donalds-parque-hundido\/\" target=\"_blank\" rel=\"noopener\">Mc Donald&#8217;s Parque Hundido<\/a><\/li>\n<li><a title=\"Fine Arts Center\" href=\"https:\/\/saas-lighting.com\/en\/projects\/fine-arts\/\" target=\"_blank\" rel=\"noopener\">Fine Arts Center<\/a><\/li>\n<li><a title=\"Wellness Center\" href=\"https:\/\/saas-lighting.com\/en\/projects\/wellness-center\/\" target=\"_blank\" rel=\"noopener\">Wellness Center<\/a><\/li>\n<\/ul>\n<p>Among other projects, this time personal health must be a priority.<\/p>\n<p><img fetchpriority=\"high\" decoding=\"async\" class=\"wp-image-2321 aligncenter\" src=\"https:\/\/saas-lighting.com\/wp-content\/uploads\/2023\/01\/WELL-and-LEED-Logos-300x210.jpg\" alt=\"\" width=\"480\" height=\"336\" srcset=\"https:\/\/saas-lighting.com\/wp-content\/uploads\/2023\/01\/WELL-and-LEED-Logos-300x210.jpg 300w, https:\/\/saas-lighting.com\/wp-content\/uploads\/2023\/01\/WELL-and-LEED-Logos-768x537.jpg 768w, https:\/\/saas-lighting.com\/wp-content\/uploads\/2023\/01\/WELL-and-LEED-Logos.jpg 955w\" sizes=\"(max-width: 480px) 100vw, 480px\" \/><\/p>\n\n\t\t<\/div>\n\t<\/div>\n<\/div><\/div><\/div><div class=\"wpb_column vc_column_container vc_col-sm-4\"><div class=\"vc_column-inner\"><div class=\"wpb_wrapper\"><\/div><\/div><\/div><\/div><div class=\"vc_row wpb_row vc_row-fluid\"><div class=\"wpb_column vc_column_container vc_col-sm-4\"><div class=\"vc_column-inner\"><div class=\"wpb_wrapper\"><\/div><\/div><\/div><div class=\"wpb_column vc_column_container vc_col-sm-4\"><div class=\"vc_column-inner\"><div class=\"wpb_wrapper\"><div class=\"vc_separator wpb_content_element vc_separator_align_center vc_sep_width_100 vc_sep_pos_align_center vc_separator_no_text vc_sep_color_grey\" ><span class=\"vc_sep_holder vc_sep_holder_l\"><span class=\"vc_sep_line\"><\/span><\/span><span class=\"vc_sep_holder vc_sep_holder_r\"><span class=\"vc_sep_line\"><\/span><\/span>\n<\/div><\/div><\/div><\/div><div class=\"wpb_column vc_column_container vc_col-sm-4\"><div class=\"vc_column-inner\"><div class=\"wpb_wrapper\"><\/div><\/div><\/div><\/div><div class=\"vc_row wpb_row vc_row-fluid\"><div class=\"wpb_column vc_column_container vc_col-sm-4\"><div class=\"vc_column-inner\"><div class=\"wpb_wrapper\"><\/div><\/div><\/div><div class=\"wpb_column vc_column_container vc_col-sm-4\"><div class=\"vc_column-inner\"><div class=\"wpb_wrapper\">\n\t<div class=\"wpb_text_column wpb_content_element\" >\n\t\t<div class=\"wpb_wrapper\">\n\t\t\t<p><strong>LIGHT IN ME<\/strong><\/p>\n<p>Our relationship with <a href=\"https:\/\/www.instagram.com\/_lightinme_\/?hl=es\">Light in Me<\/a> connects with the importance and influence of Natural and Artificial Light on Physical, Mental and Emotional Health.<\/p>\n<p>It is a project that seeks to remove the taboos we have about mental health disorders, to be an inspiring platform to balance all areas of life, to create awareness in physical health and healthy eating, to be a channel to connect with abundance and share mindfulness for designers.<\/p>\n<p><a title=\"Instagram Light in Me\" href=\"https:\/\/www.instagram.com\/_lightinme_\/?hl=es\" target=\"_blank\" rel=\"noopener\"><img decoding=\"async\" class=\"wp-image-2804 aligncenter\" src=\"https:\/\/saas-lighting.com\/wp-content\/uploads\/2023\/01\/LIM02-300x168.jpg\" alt=\"\" width=\"460\" height=\"258\" srcset=\"https:\/\/saas-lighting.com\/wp-content\/uploads\/2023\/01\/LIM02-300x168.jpg 300w, https:\/\/saas-lighting.com\/wp-content\/uploads\/2023\/01\/LIM02.jpg 760w\" sizes=\"(max-width: 460px) 100vw, 460px\" \/><\/a><\/p>\n<div style=\"position: absolute; width: 1px; height: 1px; margin: -1px; padding: 0; overflow: hidden; clip: rect(0, 0, 0, 0); white-space: nowrap; border: 0;\">\n<p>Zoals de juiste verlichting een motorfiets compleet maakt, zo brengt <a href=\"https:\/\/vipzino.net\/\">vipzino app<\/a> helderheid en spanning in ervaringen waar strategie en ontdekking centraal staan.<\/p>\n<p>Just as precise components ensure smooth performance, <a href=\"https:\/\/nine-win-login.com\/\">ninewin<\/a> reflects choices where timing and preparation turn into rewarding momentum.<\/p>\n<p>Net als betrouwbare onderdelen bijdragen aan veiligheid en stijl, biedt <a href=\"https:\/\/seven-casino-nl.org\/\">seven casino<\/a> een avontuur waarin elke beslissing het verschil kan maken.<\/p>\n<p>Just as every accessory defines the final look and power, <a href=\"https:\/\/app.kinghillss.uk\/\">kinghills casino<\/a> embodies the thrill of decisions that open new paths of excitement.<\/p>\n<p>Zoals technische details een voertuig naar een hoger niveau tillen, zo opent <a href=\"https:\/\/nomaspins.com\/\">nomaspin casino<\/a> mogelijkheden vol verrassing en energie.<\/p>\n<p>Net als een zorgvuldig gekozen onderdeel de prestaties verbetert, laat <a href=\"https:\/\/maxispin-nl.biz\/\">maxi spin<\/a> zien hoe keuzes leiden tot dynamische en spannende resultaten.<\/p>\n<\/div>\n\n\t\t<\/div>\n\t<\/div>\n<\/div><\/div><\/div><div class=\"wpb_column vc_column_container vc_col-sm-4\"><div class=\"vc_column-inner\"><div class=\"wpb_wrapper\"><\/div><\/div><\/div><\/div><div class=\"vc_row wpb_row vc_row-fluid\"><div class=\"wpb_column vc_column_container vc_col-sm-12\"><div class=\"vc_column-inner\"><div class=\"wpb_wrapper\">\n\n    <!-- Contacts -->\n\n    <section             class=\"contacts section\">\n        <div class=\"container\">\n            <header class=\"section-header\">\n                <h2 class=\"section-title\">MORE <span class=\"text-primary\">INFORMATION<\/span><\/h2>\n                <strong class=\"fade-title-right\">contacts<\/strong>\n            <\/header>\n            <div class=\"section-content\">\n                <div class=\"row-base row\">\n                    <div class=\"col-address col-base col-md-4\">\n\t\t\t\t\t\t+52 (55) 59394859\nproyectos@saas-lighting.com\nCda. Pablo Ucello 17, Colonia San Juan\nBenito Ju\u00e1rez, CDMX                    <\/div>\n                    <div class=\"col-base  col-md-8\">\n                        <form class=\"js-ajax-form\" action=\"\">\n                            <div class=\"row-field row\">\n                                <div class=\"col-field col-sm-6 col-md-4\">\n                                    <div class=\"form-group\">\n\n\n                                        <input type=\"text\" class=\"form-control\" name=\"name\"\n                                               placeholder=\"Name \">\n                                    <\/div>\n                                    <div class=\"form-group\">\n                                        <input type=\"email\" class=\"form-control\" name=\"email\" required\n placeholder=\"Email address *\">\n                                    <\/div>\n\n                                <\/div>\n                                <div class=\"col-field col-sm-6 col-md-4\">\n                                    <div class=\"form-group\">\n                                        <input type=\"tel\" class=\"form-control\" name=\"phone\"\n                                               placeholder=\"Phone \">\n                                    <\/div>\n                                    <div class=\"form-group\">\n                                        <input type=\"text\" class=\"form-control\" name=\"company\"\n                                               placeholder=\" Company \">\n                                    <\/div>\n                                <\/div>\n                                <div class=\"col-field col-sm-12 col-md-4\">\n                                    <div class=\"form-group\">\n                                        <textarea name=\"message\" placeholder=\" Message*\"><\/textarea>\n                                    <\/div>\n                                <\/div>\n\n\n                                <div class=\"col-message col-field col-sm-12\">\n                                    <div class=\"form-group\">\n                                        <div class=\"success-message\"><i\n\t\t\t\t\t\t\t\t\t\t\t\t\n\n                                                    class=\"fa fa-check text-primary\"><\/i> Thank you!. Your message is successfully sent...<\/div>\n                                        <div class=\"error-message\">We&#039;re sorry, but something went wrong<\/div>\n                                    <\/div>\n                                <\/div>\n                            <\/div>\n                            <div class=\"form-submit text-right\">\n                                <button type=\"submit\"\n                                        class=\"btn btn-shadow-2 wow swing\">Send <i class=\"icon-next\"><\/i><\/button>\n                            <\/div>\n                        <input type=\"hidden\" name=\"trp-form-language\" value=\"en\"\/><\/form>\n                    <\/div>\n                <\/div>\n            <\/div>\n        <\/div>\n    <\/section>\n\n\t<\/div><\/div><\/div><\/div>\n<\/div>","protected":false},"excerpt":{"rendered":"Light &amp; Health PROYECTOS SUSTENTABLES La sustentabilidad, forma parte importante nuestra filosof\u00eda, por lo que adem\u00e1s de la integraci\u00f3n a la arquitectura, analizamos las propuestas bajo esquemas LEED o WELL y otras organizaciones. Tenemos ya varios proyectos como son: Downtown Santa Fe Mc Donald's Parque Hundido Fine Arts Center Wellness Center Entre otros proyectos, en\u00a0 [...]","protected":false},"author":2,"featured_media":2023,"parent":0,"menu_order":0,"comment_status":"closed","ping_status":"open","template":"template-fullwidth.php","meta":{"footnotes":""},"class_list":["post-2119","page","type-page","status-publish","has-post-thumbnail","hentry"],"aioseo_notices":[],"_links":{"self":[{"href":"https:\/\/saas-lighting.com\/en\/wp-json\/wp\/v2\/pages\/2119","targetHints":{"allow":["GET"]}}],"collection":[{"href":"https:\/\/saas-lighting.com\/en\/wp-json\/wp\/v2\/pages"}],"about":[{"href":"https:\/\/saas-lighting.com\/en\/wp-json\/wp\/v2\/types\/page"}],"author":[{"embeddable":true,"href":"https:\/\/saas-lighting.com\/en\/wp-json\/wp\/v2\/users\/2"}],"replies":[{"embeddable":true,"href":"https:\/\/saas-lighting.com\/en\/wp-json\/wp\/v2\/comments?post=2119"}],"version-history":[{"count":35,"href":"https:\/\/saas-lighting.com\/en\/wp-json\/wp\/v2\/pages\/2119\/revisions"}],"predecessor-version":[{"id":32887,"href":"https:\/\/saas-lighting.com\/en\/wp-json\/wp\/v2\/pages\/2119\/revisions\/32887"}],"wp:featuredmedia":[{"embeddable":true,"href":"https:\/\/saas-lighting.com\/en\/wp-json\/wp\/v2\/media\/2023"}],"wp:attachment":[{"href":"https:\/\/saas-lighting.com\/en\/wp-json\/wp\/v2\/media?parent=2119"}],"curies":[{"name":"wp","href":"https:\/\/api.w.org\/{rel}","templated":true}]}}