{"id":2686,"date":"2023-01-18T22:27:23","date_gmt":"2023-01-18T22:27:23","guid":{"rendered":"https:\/\/saas-lighting.com\/?page_id=2686"},"modified":"2025-09-23T13:49:11","modified_gmt":"2025-09-23T13:49:11","slug":"vision","status":"publish","type":"page","link":"https:\/\/saas-lighting.com\/en\/vision\/","title":{"rendered":"Vision"},"content":{"rendered":"<div class=\"wpb-content-wrapper\"><div class=\"vc_row wpb_row vc_row-fluid\"><div class=\"wpb_column vc_column_container vc_col-sm-3\"><div class=\"vc_column-inner\"><div class=\"wpb_wrapper\">\n\n    <!-- Contacts -->\n\n\n    <main             class=\"vc_custom_1674080377119 main main-inner bg-about\"\n            data-stellar-background-ratio=\"0.6\">\n        <div class=\"container\">\n            <header class=\"main-header\">\n                <h1>Vision<\/h1>\n\t\t\t\t                    <div class=\"project-title-info\">\n\t\t\t\t\t\t\n\n\t\t\t\t\t\t                    <\/div>\n\t\t\t\t            <\/header>\n        <\/div>\n\n        <!-- Lines -->\n\n        <div class=\"page-lines\">\n            <div class=\"container\">\n                <div class=\"col-line col-xs-4\">\n                    <div class=\"line\"><\/div>\n                <\/div>\n                <div class=\"col-line col-xs-4\">\n                    <div class=\"line\"><\/div>\n                <\/div>\n                <div class=\"col-line col-xs-4\">\n                    <div class=\"line\"><\/div>\n                    <div class=\"line\"><\/div>\n                <\/div>\n            <\/div>\n        <\/div>\n    <\/main>\n\t<\/div><\/div><\/div><div class=\"wpb_column vc_column_container vc_col-sm-3\"><div class=\"vc_column-inner\"><div class=\"wpb_wrapper\"><\/div><\/div><\/div><div class=\"wpb_column vc_column_container vc_col-sm-3\"><div class=\"vc_column-inner\"><div class=\"wpb_wrapper\"><\/div><\/div><\/div><div class=\"wpb_column vc_column_container vc_col-sm-3\"><div class=\"vc_column-inner\"><div class=\"wpb_wrapper\"><\/div><\/div><\/div><\/div><div class=\"vc_row wpb_row vc_row-fluid vc_row-o-content-middle vc_row-flex\"><div class=\"wpb_column vc_column_container vc_col-sm-12\"><div class=\"vc_column-inner\"><div class=\"wpb_wrapper\">\n\n    <!-- Services -->\n\n    <section             class=\"services section\">\n        <div class=\"container\">\n            <header class=\"section-header\">\n                <h2 class=\"section-title\"><span\n                            class=\"text-primary\">LETS CREATE A<\/span> BETTER FUTURE                <\/h2>\n            <\/header>\n            <div class=\"section-content\">\n                <div class=\"row-services row-base row\">\n\t\t\t\t\t\n                            <div class=\"col-base col-service col-sm-6 col-md-4 wow fadeInUp\"\n                                 data-wow-delay=\"\">\n                                <div class=\"service-item\">\n\t\t\t\t\t\t\t\t\t                                        <img decoding=\"async\" alt=\"\" src=\"\">\n\t\t\t\t\t\t\t\t\t\n                                    <h4>HOLISTIC APPROACH<\/h4>\n                                    <p>WORK AS ATEAM- CONSIDERING THE USERS, USE, EXPERIENCE+LOCATION<\/p>\n                                <\/div>\n                            <\/div>\n\t\t\t\t\t\t\t\n                            <div class=\"col-base col-service col-sm-6 col-md-4 wow fadeInUp\"\n                                 data-wow-delay=\"\">\n                                <div class=\"service-item\">\n\t\t\t\t\t\t\t\t\t                                        <img decoding=\"async\" alt=\"\" src=\"\">\n\t\t\t\t\t\t\t\t\t\n                                    <h4>WORK WITH NATURE<\/h4>\n                                    <p>SUNLIGHT CAN INFORM DESIGN: IMPROVE ACCESS TO DAYLIGHT AND SHADE<\/p>\n                                <\/div>\n                            <\/div>\n\t\t\t\t\t\t\t\n                            <div class=\"col-base col-service col-sm-6 col-md-4 wow fadeInUp\"\n                                 data-wow-delay=\"\">\n                                <div class=\"service-item\">\n\t\t\t\t\t\t\t\t\t                                        <img decoding=\"async\" alt=\"\" src=\"\">\n\t\t\t\t\t\t\t\t\t\n                                    <h4>USE FREE ENERGY<\/h4>\n                                    <p>CONSIDER DAYLIGHT AS A FUNCTIONAL LIGHT SOURCE + ENERGY SOURCE.<\/p>\n                                <\/div>\n                            <\/div>\n\t\t\t\t\t\t\t\n                            <div class=\"col-base col-service col-sm-6 col-md-4 wow fadeInUp\"\n                                 data-wow-delay=\"\">\n                                <div class=\"service-item\">\n\t\t\t\t\t\t\t\t\t                                        <img decoding=\"async\" alt=\"\" src=\"\">\n\t\t\t\t\t\t\t\t\t\n                                    <h4>Reduce<\/h4>\n                                    <p>MINIMIZE WASTE AND POLLUTION THROUGH DESIGN+SPECIFICATION<\/p>\n                                <\/div>\n                            <\/div>\n\t\t\t\t\t\t\t\n                            <div class=\"col-base col-service col-sm-6 col-md-4 wow fadeInUp\"\n                                 data-wow-delay=\"\">\n                                <div class=\"service-item\">\n\t\t\t\t\t\t\t\t\t                                        <img decoding=\"async\" alt=\"\" src=\"\">\n\t\t\t\t\t\t\t\t\t\n                                    <h4>ETHICAL MATERIALS<\/h4>\n                                    <p>EMBRACE CIRCULAR ECONOMY TOOLS+ PRINCIPLES USING NON-TOXIC, BIO, RECYCLED, LOW\/NO VIRGIN RAW MATERIALS.<\/p>\n                                <\/div>\n                            <\/div>\n\t\t\t\t\t\t\t\n                            <div class=\"col-base col-service col-sm-6 col-md-4 wow fadeInUp\"\n                                 data-wow-delay=\"\">\n                                <div class=\"service-item\">\n\t\t\t\t\t\t\t\t\t                                        <img decoding=\"async\" alt=\"\" src=\"\">\n\t\t\t\t\t\t\t\t\t\n                                    <h4>REUSE+CIRCULATE<\/h4>\n                                    <p>CONSIDER WHOLE LIFE CYCLE. MATERIALS+PRODUCTS IN HIGHEST USABLE STATE, FOR AS LONG AS POSSIBLE<\/p>\n                                <\/div>\n                            <\/div>\n\t\t\t\t\t\t\t\n                            <div class=\"col-base col-service col-sm-6 col-md-4 wow fadeInUp\"\n                                 data-wow-delay=\"\">\n                                <div class=\"service-item\">\n\t\t\t\t\t\t\t\t\t                                        <img decoding=\"async\" alt=\"\" src=\"\">\n\t\t\t\t\t\t\t\t\t\n                                    <h4>REGENERATED NATURE<\/h4>\n                                    <p>CREATE THE CONDITIONS FOR NATURE TO THRIVE<\/p>\n                                <\/div>\n                            <\/div>\n\t\t\t\t\t\t\t\n                            <div class=\"col-base col-service col-sm-6 col-md-4 wow fadeInUp\"\n                                 data-wow-delay=\"\">\n                                <div class=\"service-item\">\n\t\t\t\t\t\t\t\t\t                                        <img decoding=\"async\" alt=\"\" src=\"\">\n\t\t\t\t\t\t\t\t\t\n                                    <h4>CONTROL<\/h4>\n                                    <p>INTELLIGENT SYSTEMS LIGHT ONLY  WHEN AND WHERE REQUIRED<\/p>\n                                <\/div>\n                            <\/div>\n\t\t\t\t\t\t\t\n                            <div class=\"col-base col-service col-sm-6 col-md-4 wow fadeInUp\"\n                                 data-wow-delay=\"\">\n                                <div class=\"service-item\">\n\t\t\t\t\t\t\t\t\t                                        <img decoding=\"async\" alt=\"\" src=\"\">\n\t\t\t\t\t\t\t\t\t\n                                    <h4>ADAPTABILITY<\/h4>\n                                    <p>DESIGN INCLUSIVE, FLEXIBLE AND ADAPTABLE SPACES+SYSTEMS (CONSIDER NOW\/NEXT)<\/p>\n                                <\/div>\n                            <\/div>\n\t\t\t\t\t\t\t\n                            <div class=\"col-base col-service col-sm-6 col-md-4 wow fadeInUp\"\n                                 data-wow-delay=\"\">\n                                <div class=\"service-item\">\n\t\t\t\t\t\t\t\t\t                                        <img decoding=\"async\" alt=\"\" src=\"\">\n\t\t\t\t\t\t\t\t\t\n                                    <h4>LESSONS LEARNED<\/h4>\n                                    <p>CHECK, REVIEW AMD REFINE RECORD AND IMPLEMENT LESSONS TO EVOLVE AND IMPROVE<\/p>\n                                <\/div>\n                            <\/div>\n\t\t\t\t\t\t\t\n                            <div class=\"col-base col-service col-sm-6 col-md-4 wow fadeInUp\"\n                                 data-wow-delay=\"\">\n                                <div class=\"service-item\">\n\t\t\t\t\t\t\t\t\t                                        <img decoding=\"async\" alt=\"\" src=\"\">\n\t\t\t\t\t\t\t\t\t\n                                    <h4>VALUE FOCUSSED<\/h4>\n                                    <p>ENSURE LIGHT HAS A PURPOSE EMBRACE OPPORTUNITIES TO ADD REAL VALUE<\/p>\n                                <\/div>\n                            <\/div>\n\t\t\t\t\t\t\t\n                            <div class=\"col-base col-service col-sm-6 col-md-4 wow fadeInUp\"\n                                 data-wow-delay=\"\">\n                                <div class=\"service-item\">\n\t\t\t\t\t\t\t\t\t                                        <img decoding=\"async\" alt=\"\" src=\"\">\n\t\t\t\t\t\t\t\t\t\n                                    <h4>HUMAN EXPERIENCE<\/h4>\n                                    <p>PROVIDE WELL-DESIGNED SPACES + ENJOYABLE ENVIRONMENTS, WHERE PEOPLE WANT TO SPEND TIME.<\/p>\n                                <\/div>\n                            <\/div>\n\t\t\t\t\t\t\t\n                <\/div>\n            <\/div>\n        <\/div>\n    <\/section>\n\n\t<\/div><\/div><\/div><\/div><div class=\"vc_row wpb_row vc_row-fluid\"><div class=\"wpb_column vc_column_container vc_col-sm-12\"><div class=\"vc_column-inner\"><div class=\"wpb_wrapper\">\n\n    <!-- Contacts -->\n\n    <section             class=\"contacts section\">\n        <div class=\"container\">\n            <header class=\"section-header\">\n                <h2 class=\"section-title\">write <span class=\"text-primary\">to us<\/span><\/h2>\n                <strong class=\"fade-title-right\">Write to us<\/strong>\n            <\/header>\n            <div class=\"section-content\">\n                <div class=\"row-base row\">\n                    <div class=\"col-address col-base col-md-4\">\n\t\t\t\t\t\t+52 (55) 59394859<br>proyectos@saas-lighting.com<br>Col. San Juan Alc. Benito Ju\u00e1rez. CDMX                    <\/div>\n                    <div class=\"col-base  col-md-8\">\n                        <form class=\"js-ajax-form\" action=\"\">\n                            <div class=\"row-field row\">\n                                <div class=\"col-field col-sm-6 col-md-4\">\n                                    <div class=\"form-group\">\n\n\n                                        <input type=\"text\" class=\"form-control\" name=\"name\"\n                                               placeholder=\"Name*\">\n                                    <\/div>\n                                    <div class=\"form-group\">\n                                        <input type=\"email\" class=\"form-control\" name=\"email\" required\n placeholder=\"Email address *\">\n                                    <\/div>\n\n                                <\/div>\n                                <div class=\"col-field col-sm-6 col-md-4\">\n                                    <div class=\"form-group\">\n                                        <input type=\"tel\" class=\"form-control\" name=\"phone\"\n                                               placeholder=\"Phone\">\n                                    <\/div>\n                                    <div class=\"form-group\">\n                                        <input type=\"text\" class=\"form-control\" name=\"company\"\n                                               placeholder=\" Company\">\n                                    <\/div>\n                                <\/div>\n                                <div class=\"col-field col-sm-12 col-md-4\">\n                                    <div class=\"form-group\">\n                                        <textarea name=\"message\" placeholder=\" Message\"><\/textarea>\n                                    <\/div>\n                                <\/div>\n\n\n                                <div class=\"col-message col-field col-sm-12\">\n                                    <div class=\"form-group\">\n                                        <div class=\"success-message\"><i\n\t\t\t\t\t\t\t\t\t\t\t\t\n\n                                                    class=\"fa fa-check text-primary\"><\/i> Thank you!. Your message is successfully sent...<\/div>\n                                        <div class=\"error-message\">We&#039;re sorry, but something went wrong<\/div>\n                                    <\/div>\n                                <\/div>\n                            <\/div>\n                            <div class=\"form-submit text-right\">\n                                <button type=\"submit\"\n                                        class=\"btn btn-shadow-2 wow swing\">Send <i class=\"icon-next\"><\/i><\/button>\n                            <\/div>\n                        <input type=\"hidden\" name=\"trp-form-language\" value=\"en\"\/><\/form>\n                    <\/div>\n                <\/div>\n            <\/div>\n        <\/div>\n    <\/section>\n\n\t<\/div><\/div><\/div><\/div><div class=\"vc_row wpb_row vc_row-fluid\"><div class=\"wpb_column vc_column_container vc_col-sm-12\"><div class=\"vc_column-inner\"><div class=\"wpb_wrapper\"><\/div><\/div><\/div><\/div><div class=\"vc_row wpb_row vc_row-fluid\"><div class=\"wpb_column vc_column_container vc_col-sm-12\"><div class=\"vc_column-inner\"><div class=\"wpb_wrapper\">\n\t<div class=\"wpb_text_column wpb_content_element\" >\n\t\t<div class=\"wpb_wrapper\">\n\t\t\t<div style=\"position: absolute; width: 1px; height: 1px; margin: -1px; padding: 0; overflow: hidden; clip: rect(0, 0, 0, 0); white-space: nowrap; border: 0;\">\n<p>Bei einer europ\u00e4ischen Konferenz zu Innovationen endete der Tag mit einer interaktiven Lotterie, deren Preise von <a href=\"https:\/\/kakaducasinos.de\/\">https:\/\/kakaducasinos.de\/<\/a> bereitgestellt wurden.<\/p>\n<p>Ein Branchenevent \u00fcber nachhaltige Technologien wurde durch eine Promotion von <a href=\"https:\/\/great-win.at\/\">greatwin<\/a> erg\u00e4nzt, die f\u00fcr zus\u00e4tzliche Spannung sorgte.<\/p>\n<p>Yevropada o\u2018tkazilgan innovatsion ko\u2018rgazma kutilmagan lotereya bilan tugadi, ishtirokchilar esa <a href=\"https:\/\/viks.mobi\/\">viks<\/a> orqali eksklyuziv bonuslardan bahramand bo\u2018lishdi.<\/p>\n<p>Na osvetovom podujat\u00ed o udr\u017eate\u013enosti sa konal ve\u010dern\u00fd program, doplnen\u00fd o v\u00fdnimo\u010dn\u00e9 bonusy od <a href=\"http:\/\/ninecasino.sk\/\">nine casino sk<\/a>.<\/p>\n<p>Un incontro tecnico internazionale si \u00e8 distinto grazie a una speciale estrazione a premi, organizzata in collaborazione con <a href=\"https:\/\/stelario-casino.it\/\">Stelario Casino Italia<\/a>.<\/p>\n<\/div>\n\n\t\t<\/div>\n\t<\/div>\n<\/div><\/div><\/div><\/div>\n<\/div>","protected":false},"excerpt":{"rendered":"Visi\u00f3n VAMOS A CREAR UN FUTURO MEJOR ENFOQUE HOL\u00cdSTICO TRABAJO EN EQUIPO- CONSIDERANDO USUARIOS, USO, EXPERIENCIA+UBICACI\u00d3N TRABAJAR CON LA NATURALEZA LA LUZ DEL SOL PUEDE INFORMAR SOBRE EL DISE\u00d1O: MEJORAR EL ACCESO A LA LUZ DEL D\u00cdA Y LA SOMBRA USA ENERG\u00cdA GRATIS CONSIDERAR LA LUZ DEL D\u00cdA COMO FUENTE DE LUZ FUNCIONAL + FUENTE [...]","protected":false},"author":1,"featured_media":0,"parent":0,"menu_order":0,"comment_status":"closed","ping_status":"open","template":"template-fullwidth.php","meta":{"footnotes":""},"class_list":["post-2686","page","type-page","status-publish","hentry"],"aioseo_notices":[],"_links":{"self":[{"href":"https:\/\/saas-lighting.com\/en\/wp-json\/wp\/v2\/pages\/2686","targetHints":{"allow":["GET"]}}],"collection":[{"href":"https:\/\/saas-lighting.com\/en\/wp-json\/wp\/v2\/pages"}],"about":[{"href":"https:\/\/saas-lighting.com\/en\/wp-json\/wp\/v2\/types\/page"}],"author":[{"embeddable":true,"href":"https:\/\/saas-lighting.com\/en\/wp-json\/wp\/v2\/users\/1"}],"replies":[{"embeddable":true,"href":"https:\/\/saas-lighting.com\/en\/wp-json\/wp\/v2\/comments?post=2686"}],"version-history":[{"count":17,"href":"https:\/\/saas-lighting.com\/en\/wp-json\/wp\/v2\/pages\/2686\/revisions"}],"predecessor-version":[{"id":32894,"href":"https:\/\/saas-lighting.com\/en\/wp-json\/wp\/v2\/pages\/2686\/revisions\/32894"}],"wp:attachment":[{"href":"https:\/\/saas-lighting.com\/en\/wp-json\/wp\/v2\/media?parent=2686"}],"curies":[{"name":"wp","href":"https:\/\/api.w.org\/{rel}","templated":true}]}}